{"id":9,"date":"2021-01-12T09:56:09","date_gmt":"2021-01-12T12:56:09","guid":{"rendered":"https:\/\/aco1080.com.br\/?page_id=9"},"modified":"2022-12-19T16:50:50","modified_gmt":"2022-12-19T19:50:50","slug":"aco-1080","status":"publish","type":"page","link":"https:\/\/aco1080.com.br\/","title":{"rendered":"A\u00e7o 1080"},"content":{"rendered":"<h1>A\u00c7O 1080 SAE \/ AISI \/ COPANT \/ UNS G10800<\/h1>\n<p>A a\u00e7o 1080 \u00e9 uma op\u00e7\u00e3o com alto teor de carbono, caracterizado principalmente por sua alta dureza, boa tenacidade e boa resist\u00eancia mec\u00e2nica.<\/p>\n<p>\t\t\t<svg xmlns=\"https:\/\/www.w3.org\/2000\/svg\" xmlns:xlink=\"https:\/\/www.w3.org\/1999\/xlink\" xmlns:svgjs=\"https:\/\/svgjs.com\/svgjs\" width=\"512\" height=\"512\" x=\"0\" y=\"0\" viewBox=\"0 0 128 128\" style=\"enable-background:new 0 0 512 512\" xml:space=\"preserve\"><g><path id=\"Down_Arrow_9_\" d=\"m64 104c-1.023 0-2.047-.391-2.828-1.172l-40-40c-1.563-1.563-1.563-4.094 0-5.656s4.094-1.563 5.656 0l37.172 37.172 37.172-37.172c1.563-1.563 4.094-1.563 5.656 0s1.563 4.094 0 5.656l-40 40c-.781.781-1.805 1.172-2.828 1.172zm2.828-33.172 40-40c1.563-1.563 1.563-4.094 0-5.656s-4.094-1.563-5.656 0l-37.172 37.172-37.172-37.172c-1.563-1.563-4.094-1.563-5.656 0s-1.563 4.094 0 5.656l40 40c.781.781 1.805 1.172 2.828 1.172s2.047-.391 2.828-1.172z\" fill=\"#ff6600\" data-original=\"#000000\"><\/path><\/g><\/svg><br \/>\n\t\t\t\t\t\t\t\t\t\t<img width=\"535\" height=\"275\" src=\"https:\/\/aco1080.com.br\/wp-content\/uploads\/2022\/12\/img-aco-1-1080.jpg\" alt=\"\" decoding=\"async\" loading=\"lazy\" srcset=\"https:\/\/aco1080.com.br\/wp-content\/uploads\/2022\/12\/img-aco-1-1080.jpg 535w, https:\/\/aco1080.com.br\/wp-content\/uploads\/2022\/12\/img-aco-1-1080-300x154.jpg 300w, https:\/\/aco1080.com.br\/wp-content\/uploads\/2022\/12\/img-aco-1-1080-320x164.jpg 320w, https:\/\/aco1080.com.br\/wp-content\/uploads\/2022\/12\/img-aco-1-1080-360x185.jpg 360w\" sizes=\"(max-width: 535px) 100vw, 535px\" \/>\t\t\t\t\t\t\t\t\t\t\t<\/p>\n<p>Muito utilizado na confec\u00e7\u00e3o de parafusos e setores de dire\u00e7\u00e3o,o a\u00e7o 1080 \u00e9 a principal escolha para a confec\u00e7\u00e3o de\u00a0 eixos de comandos de v\u00e1lvulas, engrenagens para caminh\u00f5es, na fabrica\u00e7\u00e3o de rolamentos cementados, na produ\u00e7\u00e3o de facas artesanais, etc.<\/p>\n<p>\t\t\t\t\t\t\t\t\t\t\t\t\t\t\t<svg xmlns=\"https:\/\/www.w3.org\/2000\/svg\" width=\"25\" height=\"25\" viewBox=\"0 0 25 25\"><g id=\"Grupo_178\" data-name=\"Grupo 178\" transform=\"translate(-1394 1454) rotate(-90)\"><rect id=\"Ret&#xE2;ngulo_488\" data-name=\"Ret&#xE2;ngulo 488\" width=\"24\" height=\"24\" rx=\"4\" transform=\"translate(1429.5 1394.5)\" fill=\"none\" stroke=\"#fff\" stroke-width=\"1\"><\/rect><path id=\"Caminho_284\" data-name=\"Caminho 284\" d=\"M158,2981l-4-4,4-4\" transform=\"translate(1285.5 -1570.5)\" fill=\"none\" stroke=\"#fff\" stroke-linecap=\"round\" stroke-linejoin=\"round\" stroke-width=\"2\"><\/path><\/g><\/svg><br \/>\n\t\t\t\t\t\t\t\t<svg xmlns=\"https:\/\/www.w3.org\/2000\/svg\" width=\"24\" height=\"24\" viewBox=\"0 0 24 24\"><g id=\"Grupo_176\" data-name=\"Grupo 176\" transform=\"translate(-1394 1522) rotate(-90)\"><g id=\"Grupo_103\" data-name=\"Grupo 103\" transform=\"translate(1498 1394)\"><rect id=\"Ret&#xE2;ngulo_96\" data-name=\"Ret&#xE2;ngulo 96\" width=\"24\" height=\"24\" rx=\"4\" transform=\"translate(0)\" fill=\"#fff\"><\/rect><\/g><path id=\"Caminho_283\" data-name=\"Caminho 283\" d=\"M225,2981l4-4-4-4\" transform=\"translate(1283.5 -1570.5)\" fill=\"none\" stroke=\"#d43429\" stroke-linecap=\"round\" stroke-linejoin=\"round\" stroke-width=\"2\"><\/path><\/g><\/svg><br \/>\n\t\t\t\t\t\t\t\t\t\t\t\t<a href=\"\">COMPOSI\u00c7\u00c3O QU\u00cdMICA<\/a><\/p>\n<p><strong>Carbono (C):<\/strong> 0,65% &#8211; 0,75% <br \/><strong>Mangan\u00eas (Mn):<\/strong> 0,60% \u2013 0,90%<br \/><strong>F\u00f3sforo (P):<\/strong> 0,03%<br \/><strong>Enxofre (S):<\/strong> 0,05%<\/p>\n<p>\t\t\t\t\t\t\t\t\t\t\t\t\t\t\t<svg xmlns=\"https:\/\/www.w3.org\/2000\/svg\" width=\"25\" height=\"25\" viewBox=\"0 0 25 25\"><g id=\"Grupo_178\" data-name=\"Grupo 178\" transform=\"translate(-1394 1454) rotate(-90)\"><rect id=\"Ret&#xE2;ngulo_488\" data-name=\"Ret&#xE2;ngulo 488\" width=\"24\" height=\"24\" rx=\"4\" transform=\"translate(1429.5 1394.5)\" fill=\"none\" stroke=\"#fff\" stroke-width=\"1\"><\/rect><path id=\"Caminho_284\" data-name=\"Caminho 284\" d=\"M158,2981l-4-4,4-4\" transform=\"translate(1285.5 -1570.5)\" fill=\"none\" stroke=\"#fff\" stroke-linecap=\"round\" stroke-linejoin=\"round\" stroke-width=\"2\"><\/path><\/g><\/svg><br \/>\n\t\t\t\t\t\t\t\t<svg xmlns=\"https:\/\/www.w3.org\/2000\/svg\" width=\"24\" height=\"24\" viewBox=\"0 0 24 24\"><g id=\"Grupo_176\" data-name=\"Grupo 176\" transform=\"translate(-1394 1522) rotate(-90)\"><g id=\"Grupo_103\" data-name=\"Grupo 103\" transform=\"translate(1498 1394)\"><rect id=\"Ret&#xE2;ngulo_96\" data-name=\"Ret&#xE2;ngulo 96\" width=\"24\" height=\"24\" rx=\"4\" transform=\"translate(0)\" fill=\"#fff\"><\/rect><\/g><path id=\"Caminho_283\" data-name=\"Caminho 283\" d=\"M225,2981l4-4-4-4\" transform=\"translate(1283.5 -1570.5)\" fill=\"none\" stroke=\"#d43429\" stroke-linecap=\"round\" stroke-linejoin=\"round\" stroke-width=\"2\"><\/path><\/g><\/svg><br \/>\n\t\t\t\t\t\t\t\t\t\t\t\t<a href=\"\">DUREZA<\/a><\/p>\n<p>A dureza do a\u00e7o 1080, ap\u00f3s temperado e revenido, varia de 57 a 60 HRC.<\/p>\n<p>\t\t\t\t\t\t\t\t\t\t\t\t\t\t\t<svg xmlns=\"https:\/\/www.w3.org\/2000\/svg\" width=\"25\" height=\"25\" viewBox=\"0 0 25 25\"><g id=\"Grupo_178\" data-name=\"Grupo 178\" transform=\"translate(-1394 1454) rotate(-90)\"><rect id=\"Ret&#xE2;ngulo_488\" data-name=\"Ret&#xE2;ngulo 488\" width=\"24\" height=\"24\" rx=\"4\" transform=\"translate(1429.5 1394.5)\" fill=\"none\" stroke=\"#fff\" stroke-width=\"1\"><\/rect><path id=\"Caminho_284\" data-name=\"Caminho 284\" d=\"M158,2981l-4-4,4-4\" transform=\"translate(1285.5 -1570.5)\" fill=\"none\" stroke=\"#fff\" stroke-linecap=\"round\" stroke-linejoin=\"round\" stroke-width=\"2\"><\/path><\/g><\/svg><br \/>\n\t\t\t\t\t\t\t\t<svg xmlns=\"https:\/\/www.w3.org\/2000\/svg\" width=\"24\" height=\"24\" viewBox=\"0 0 24 24\"><g id=\"Grupo_176\" data-name=\"Grupo 176\" transform=\"translate(-1394 1522) rotate(-90)\"><g id=\"Grupo_103\" data-name=\"Grupo 103\" transform=\"translate(1498 1394)\"><rect id=\"Ret&#xE2;ngulo_96\" data-name=\"Ret&#xE2;ngulo 96\" width=\"24\" height=\"24\" rx=\"4\" transform=\"translate(0)\" fill=\"#fff\"><\/rect><\/g><path id=\"Caminho_283\" data-name=\"Caminho 283\" d=\"M225,2981l4-4-4-4\" transform=\"translate(1283.5 -1570.5)\" fill=\"none\" stroke=\"#d43429\" stroke-linecap=\"round\" stroke-linejoin=\"round\" stroke-width=\"2\"><\/path><\/g><\/svg><br \/>\n\t\t\t\t\t\t\t\t\t\t\t\t<a href=\"\">COMO \u00c9 ENCONTRADO<\/a><\/p>\n<p>O a\u00e7o 1080 pode ser encontrado em chapas e placas com bitolas entre 1\/8\u201d a 18\u201d.<\/p>\n<h2>Tratamento t\u00e9rmico do a\u00e7o 1080<\/h2>\n<h5>forjamento<\/h5>\n<p>O a\u00e7o 1080 pode ser forjado de 850\u00b0C (temperatura padr\u00e3o) a 1.150\u00b0C.<\/p>\n<h5>RECOZIMENTO<\/h5>\n<p>O recozimento do a\u00e7o 1080 \u00e9 feito de 760\u00b0C a 815\u00b0C.<\/p>\n<h5>T\u00caMPERA<\/h5>\n<p>O a\u00e7o 1080 deve ser aquecido a 855\u00b0C a 855\u00b0C e sua t\u00eampera, que geralmente \u00e9 feita em \u00f3leo.<\/p>\n<h5>REVENIMENTO<\/h5>\n<p>O revenimento do a\u00e7o 1080, pode ser feito de duas formas: 260\u00b0C por duas horas (Dureza = 55 HRC) ou a 425\u00b0C por 30 minutos (Dureza = 39,5 HRC) \u00e9 realizado a 540\u00b0C.<\/p>\n<p>\t\t\t\t\t\t\t\t\t\t<img width=\"535\" height=\"350\" src=\"https:\/\/aco1080.com.br\/wp-content\/uploads\/2022\/12\/img-aco-2-1080.jpg\" alt=\"\" decoding=\"async\" loading=\"lazy\" srcset=\"https:\/\/aco1080.com.br\/wp-content\/uploads\/2022\/12\/img-aco-2-1080.jpg 535w, https:\/\/aco1080.com.br\/wp-content\/uploads\/2022\/12\/img-aco-2-1080-300x196.jpg 300w, https:\/\/aco1080.com.br\/wp-content\/uploads\/2022\/12\/img-aco-2-1080-320x209.jpg 320w, https:\/\/aco1080.com.br\/wp-content\/uploads\/2022\/12\/img-aco-2-1080-360x236.jpg 360w\" sizes=\"(max-width: 535px) 100vw, 535px\" \/>\t\t\t\t\t\t\t\t\t\t\t<\/p>\n<h2>A\u00e7o 1080 na<br \/>\n<\/br>fabrica\u00e7\u00e3o de facas<\/h2>\n<p>Por ser uma liga de a\u00e7o simples, o a\u00e7o 1080 \u00e9 uma boa op\u00e7\u00e3o para fazer facas de \u00e9poca ou r\u00e9plicas de modelos famosos.<\/p>\n<p>Embora muito utilizado por cuteleiro profissionais, o a\u00e7o 1080 tamb\u00e9m pode ser facilmente trabalho em projetos de iniciantes na cutelaria artesanal, pois apresenta resultados muito semelhantes aos a\u00e7os mais antigos e tradicionais, junto a uma boa durabilidade e reten\u00e7\u00e3o de afia\u00e7\u00e3o para as l\u00e2minas.<\/p>\n<p>O a\u00e7o 1080 \u00e9 tamb\u00e9m uma \u00f3tima op\u00e7\u00e3o para formar o sandu\u00edche de a\u00e7os, utilizados na confec\u00e7\u00e3o do a\u00e7o damasco, geralmente utilizado junto com o a\u00e7o 15N20.<\/p>\n<h2>Cuidados com<br \/> <br \/>\no a\u00e7o 1080<\/h2>\n<p>Como em qualquer a\u00e7o carbono, a ferrugem ser\u00e1 um problema e, portanto, recomenda-se a lavagem das l\u00e2minas feitas com a\u00e7o 1080, ap\u00f3s cada uso e que seja passada uma fina camada de \u00f3leo vegetal antes de guard\u00e1-la na bainha.<\/p>\n<p>\t\t\t\t\t\t\t\t\t\t<img width=\"535\" height=\"350\" src=\"https:\/\/aco1080.com.br\/wp-content\/uploads\/2021\/01\/hugo-prudente-5160.jpg\" alt=\"\" decoding=\"async\" loading=\"lazy\" srcset=\"https:\/\/aco1080.com.br\/wp-content\/uploads\/2021\/01\/hugo-prudente-5160.jpg 535w, https:\/\/aco1080.com.br\/wp-content\/uploads\/2021\/01\/hugo-prudente-5160-300x196.jpg 300w\" sizes=\"(max-width: 535px) 100vw, 535px\" \/>\t\t\t\t\t\t\t\t\t\t\t<\/p>\n<h2>Procurando a\u00e7o 1080<br \/>\n<\/br>para fazer suas facas<br \/>\nartesanais?<\/h2>\n<p>Conhe\u00e7a a Loja do Cuteleiro e adquira o a\u00e7o 1080 em diferentes medidas, assim como a\u00e7os para cutelaria, cintas de lixa, madeira para cabos de faca e outros insumos para cutelaria profissional ou hobby.<\/p>\n<p>\t\t\t<a href=\"https:\/\/www.lojadocuteleiro.com.br\" role=\"button\"><br \/>\n\t\t\t\t\t\tAcessar loja<br \/>\n\t\t\t\t\t<\/a><br \/>\n\t\t\t\t\t\t\t\t\t\t<img width=\"725\" height=\"369\" src=\"https:\/\/aco1080.com.br\/wp-content\/uploads\/2022\/12\/loja-do-cuteleiro.png\" alt=\"\" decoding=\"async\" loading=\"lazy\" srcset=\"https:\/\/aco1080.com.br\/wp-content\/uploads\/2022\/12\/loja-do-cuteleiro.png 725w, https:\/\/aco1080.com.br\/wp-content\/uploads\/2022\/12\/loja-do-cuteleiro-300x153.png 300w, https:\/\/aco1080.com.br\/wp-content\/uploads\/2022\/12\/loja-do-cuteleiro-320x163.png 320w, https:\/\/aco1080.com.br\/wp-content\/uploads\/2022\/12\/loja-do-cuteleiro-640x326.png 640w, https:\/\/aco1080.com.br\/wp-content\/uploads\/2022\/12\/loja-do-cuteleiro-360x183.png 360w, https:\/\/aco1080.com.br\/wp-content\/uploads\/2022\/12\/loja-do-cuteleiro-720x366.png 720w\" sizes=\"(max-width: 725px) 100vw, 725px\" \/>\t\t\t\t\t\t\t\t\t\t\t<\/p>\n<h2>Conhe\u00e7a tamb\u00e9m as<br \/>\npropriedades de outros a\u00e7os<\/h2>\n<p>\t\t\t\t\t\t\t\t\t\t\t<a href=\"https:\/\/www.lojadocuteleiro.com.br\"><br \/>\n\t\t\t\t\t\t\t<img width=\"144\" height=\"130\" src=\"https:\/\/aco1080.com.br\/wp-content\/uploads\/2021\/01\/ac\u0327o-1075.jpg\" alt=\"\" decoding=\"async\" loading=\"lazy\" \/>\t\t\t\t\t\t\t\t<\/a><\/p>\n<p><a href=\"https:\/\/www.lojadocuteleiro.com.br\">A\u00e7o 1075<\/a><\/p>\n<p>\t\t\t\t\t\t\t\t\t\t\t<a href=\"https:\/\/www.aco1095.com.br\"><br \/>\n\t\t\t\t\t\t\t<img width=\"144\" height=\"130\" src=\"https:\/\/aco1080.com.br\/wp-content\/uploads\/2021\/01\/ac\u0327o-1095.jpg\" alt=\"\" decoding=\"async\" loading=\"lazy\" \/>\t\t\t\t\t\t\t\t<\/a><br \/>\n\t\t<a href=\"www.aco1095.com.br\">A\u00e7o 1095<\/a><br \/>\n\t\t\t\t\t\t\t\t\t\t\t<a href=\"https:\/\/www.lojadocuteleiro.com.br\"><br \/>\n\t\t\t\t\t\t\t<img width=\"144\" height=\"130\" src=\"https:\/\/aco1080.com.br\/wp-content\/uploads\/2021\/01\/ac\u0327o-6160.jpg\" alt=\"\" decoding=\"async\" loading=\"lazy\" \/>\t\t\t\t\t\t\t\t<\/a><\/p>\n<p><a href=\"https:\/\/www.lojadocuteleiro.com.br\">A\u00e7o 6160<\/a><\/p>\n<p>\t\t\t\t\t\t\t\t\t\t\t<a href=\"https:\/\/www.aco15n20.com.br\"><br \/>\n\t\t\t\t\t\t\t<img width=\"144\" height=\"130\" src=\"https:\/\/aco1080.com.br\/wp-content\/uploads\/2021\/01\/ac\u0327o-15n20.jpg\" alt=\"\" decoding=\"async\" loading=\"lazy\" \/>\t\t\t\t\t\t\t\t<\/a><br \/>\n\t\t<a href=\"www.aco15n20.com.br\">A\u00e7o 15N20<\/a><br \/>\n\t\t\t\t\t\t\t\t\t\t\t<a href=\"https:\/\/www.aco52100.com.br\"><br \/>\n\t\t\t\t\t\t\t<img width=\"144\" height=\"130\" src=\"https:\/\/aco1080.com.br\/wp-content\/uploads\/2021\/01\/ac\u0327o-52100.jpg\" alt=\"\" decoding=\"async\" loading=\"lazy\" \/>\t\t\t\t\t\t\t\t<\/a><br \/>\n\t\t<a href=\"www.aco52100.com.br\">A\u00e7o 52100<\/a><br \/>\n\t\t\t\t\t\t\t\t\t\t\t<a href=\"https:\/\/www.acoinox420.com.br\"><br \/>\n\t\t\t\t\t\t\t<img width=\"144\" height=\"130\" src=\"https:\/\/aco1080.com.br\/wp-content\/uploads\/2021\/01\/ac\u0327o-inox-420.jpg\" alt=\"\" decoding=\"async\" loading=\"lazy\" \/>\t\t\t\t\t\t\t\t<\/a><br \/>\n\t\t<a href=\"www.acoinox420.com.br\">A\u00e7o INOX 420<\/a><br \/>\n\t\t\t\t\t\t\t\t\t\t\t<a href=\"https:\/\/www.aco5160.com.br\"><br \/>\n\t\t\t\t\t\t\t<img width=\"144\" height=\"130\" src=\"https:\/\/aco1080.com.br\/wp-content\/uploads\/2022\/12\/aco-5160.jpg\" alt=\"\" decoding=\"async\" loading=\"lazy\" \/>\t\t\t\t\t\t\t\t<\/a><\/p>\n<p><a href=\"www.aco5160.com.br\">A\u00e7o 5160<\/a><\/p>\n<p>Todos direitos reservados Loja do Cuteleiro 2022.<\/p>\n","protected":false},"excerpt":{"rendered":"<p>A\u00c7O 1080 SAE \/ AISI \/ COPANT \/ UNS G10800 A a\u00e7o 1080 \u00e9 uma op\u00e7\u00e3o com alto teor de carbono, caracterizado principalmente por sua alta dureza, boa tenacidade e boa resist\u00eancia mec\u00e2nica. Muito utilizado na confec\u00e7\u00e3o de parafusos e setores de dire\u00e7\u00e3o,o a\u00e7o 1080 \u00e9 a principal escolha para a confec\u00e7\u00e3o de\u00a0 eixos de [&hellip;]<\/p>\n","protected":false},"author":1,"featured_media":0,"parent":0,"menu_order":0,"comment_status":"closed","ping_status":"closed","template":"elementor_canvas","meta":[],"_links":{"self":[{"href":"https:\/\/aco1080.com.br\/index.php\/wp-json\/wp\/v2\/pages\/9"}],"collection":[{"href":"https:\/\/aco1080.com.br\/index.php\/wp-json\/wp\/v2\/pages"}],"about":[{"href":"https:\/\/aco1080.com.br\/index.php\/wp-json\/wp\/v2\/types\/page"}],"author":[{"embeddable":true,"href":"https:\/\/aco1080.com.br\/index.php\/wp-json\/wp\/v2\/users\/1"}],"replies":[{"embeddable":true,"href":"https:\/\/aco1080.com.br\/index.php\/wp-json\/wp\/v2\/comments?post=9"}],"version-history":[{"count":57,"href":"https:\/\/aco1080.com.br\/index.php\/wp-json\/wp\/v2\/pages\/9\/revisions"}],"predecessor-version":[{"id":112,"href":"https:\/\/aco1080.com.br\/index.php\/wp-json\/wp\/v2\/pages\/9\/revisions\/112"}],"wp:attachment":[{"href":"https:\/\/aco1080.com.br\/index.php\/wp-json\/wp\/v2\/media?parent=9"}],"curies":[{"name":"wp","href":"https:\/\/api.w.org\/{rel}","templated":true}]}}